{"id":237,"date":"2023-01-26T13:22:23","date_gmt":"2023-01-26T13:22:23","guid":{"rendered":"http:\/\/cubeenergy.de\/imprint\/"},"modified":"2023-11-29T11:42:54","modified_gmt":"2023-11-29T11:42:54","slug":"imprint","status":"publish","type":"page","link":"https:\/\/cubeenergy.de\/en\/imprint\/","title":{"rendered":"imprint"},"content":{"rendered":"<h1>imprint<\/h1>\n<h2>Information pursuant to Sect. 5 German Telemedia Act (TMG)<\/h2>\n<p>Cube Energy GmbH<br \/>\nBurgundenstra\u00dfe 27<br \/>\n49479 Ibbenb\u00fcren<\/p>\n<p>Commercial Register: HRB 14103<br \/>\nRegistration court: Steinfurt<\/p>\n<p><strong>Represented by:<\/strong><br \/>\nDipl.-Ing. Christian M\u00fcller<\/p>\n<h2>Contact<\/h2>\n<p>phone: +49 5451 5429 224<br \/>\nE-Mail: christian.mueller@cubeenergy.de<\/p>\n<h2>VAT ID<\/h2>\n<p>Sales tax identification number according to Sect. 27 a of the Sales Tax Law:<br \/>\nDE 813047518<\/p>\n<h2>Information regarding professional liability insurance<\/h2>\n<p><strong>Name and registered office of the insurer:<\/strong><br \/>\nProvinzial Holding Aktiengesellschaft<br \/>\nProvinzial-Allee 1<br \/>\n48159 M\u00fcnster<\/p>\n<p><strong>Scope of insurance:<\/strong><br \/>\nWorldwide<\/p>\n<h2>Dispute resolution proceedings in front of a consumer arbitration board<\/h2>\n<p>We are not willing or obliged to participate in dispute resolution proceedings in front of a consumer arbitration board.<\/p>\n","protected":false},"excerpt":{"rendered":"<p>imprint Information pursuant to Sect. 5 German Telemedia Act (TMG) Cube Energy GmbH Burgundenstra\u00dfe 27 49479 Ibbenb\u00fcren Commercial Register: HRB 14103 Registration court: Steinfurt Represented by: Dipl.-Ing. Christian M\u00fcller Contact phone: +49 5451 5429 224 E-Mail: christian.mueller@cubeenergy.de VAT ID Sales tax identification number according to Sect. 27 a of the Sales Tax Law: DE 813047518&#8230;<\/p>\n","protected":false},"author":1,"featured_media":0,"parent":0,"menu_order":0,"comment_status":"closed","ping_status":"closed","template":"","meta":{"_monsterinsights_skip_tracking":false,"_monsterinsights_sitenote_active":false,"_monsterinsights_sitenote_note":"","_monsterinsights_sitenote_category":0,"footnotes":""},"class_list":["post-237","page","type-page","status-publish","hentry"],"_links":{"self":[{"href":"https:\/\/cubeenergy.de\/en\/wp-json\/wp\/v2\/pages\/237","targetHints":{"allow":["GET"]}}],"collection":[{"href":"https:\/\/cubeenergy.de\/en\/wp-json\/wp\/v2\/pages"}],"about":[{"href":"https:\/\/cubeenergy.de\/en\/wp-json\/wp\/v2\/types\/page"}],"author":[{"embeddable":true,"href":"https:\/\/cubeenergy.de\/en\/wp-json\/wp\/v2\/users\/1"}],"replies":[{"embeddable":true,"href":"https:\/\/cubeenergy.de\/en\/wp-json\/wp\/v2\/comments?post=237"}],"version-history":[{"count":3,"href":"https:\/\/cubeenergy.de\/en\/wp-json\/wp\/v2\/pages\/237\/revisions"}],"predecessor-version":[{"id":1117,"href":"https:\/\/cubeenergy.de\/en\/wp-json\/wp\/v2\/pages\/237\/revisions\/1117"}],"wp:attachment":[{"href":"https:\/\/cubeenergy.de\/en\/wp-json\/wp\/v2\/media?parent=237"}],"curies":[{"name":"wp","href":"https:\/\/api.w.org\/{rel}","templated":true}]}}